{"id":1559,"date":"2016-12-13T13:13:06","date_gmt":"2016-12-13T12:13:06","guid":{"rendered":"http:\/\/www.plasticase.nl\/?page_id=1559"},"modified":"2017-01-02T16:04:45","modified_gmt":"2017-01-02T15:04:45","slug":"1559-2","status":"publish","type":"page","link":"https:\/\/www.plasticase.nl\/?page_id=1559","title":{"rendered":"Nanuk 935 6 UP Pistol"},"content":{"rendered":"<h2>Omschrijving<a href=\"http:\/\/www.plasticase.nl\/wp-content\/uploads\/2016\/12\/935pistol-1.jpg\"><img loading=\"lazy\" decoding=\"async\" class=\"alignright wp-image-1560 size-medium\" src=\"http:\/\/www.plasticase.nl\/wp-content\/uploads\/2016\/12\/935pistol-1-300x300.jpg\" width=\"300\" height=\"300\" srcset=\"https:\/\/www.plasticase.nl\/wp-content\/uploads\/2016\/12\/935pistol-1-300x300.jpg 300w, https:\/\/www.plasticase.nl\/wp-content\/uploads\/2016\/12\/935pistol-1-150x150.jpg 150w, https:\/\/www.plasticase.nl\/wp-content\/uploads\/2016\/12\/935pistol-1-768x768.jpg 768w, https:\/\/www.plasticase.nl\/wp-content\/uploads\/2016\/12\/935pistol-1-700x700.jpg 700w, https:\/\/www.plasticase.nl\/wp-content\/uploads\/2016\/12\/935pistol-1-800x800.jpg 800w, https:\/\/www.plasticase.nl\/wp-content\/uploads\/2016\/12\/935pistol-1.jpg 1000w\" sizes=\"auto, (max-width: 300px) 100vw, 300px\" \/><\/a><\/h2>\n<p>Drie soft-grip handvaten maken deze trolly koffer\u00a0een van de meest gunstige op de markt. De 935&#8217;s polyurethaan wielen weerstaan ruw terrein, terwijl het met \u00e9\u00e9n hand te bedienen uitschuifbare handvat onge\u00ebvenaarde bruikbaarheid biedt. Het maakt niet uit waar je heen gaat, je bent verzekerd van een vlotte rit. Voor de volledige bescherming, kijk dan niet verder dan de 935 met waterdichte hars shell en gepatenteerde Powerclaw vergrendeling.<\/p>\n<h2>Eigenschappen<\/h2>\n<div id=\"grid-gallery-66-52506\" data-gg-id=\"66\" data-title=\"Eigenschappen wheeled\" data-grid-type=\"0\" data-offset=\"5.3\" data-area-position=\"left\" data-icons=\"\" data-preloader=\"true\" data-width=\"215\" data-height=\"215\" data-padding=\"0\" data-quicksand=\"disabled\" data-quicksand-duration=\"none\" data-popup-theme=\"theme_6\" data-popup-type=\"pretty-photo\" data-popup-image-text=\"data-description\" data-popup-widthsize=\"auto\" data-popup-heightsize=\"auto\" data-popup-i18n-words=\"{&quot;close&quot;:&quot;close&quot;,&quot;next&quot;:&quot;next&quot;,&quot;previous&quot;:&quot;previous&quot;,&quot;start_slideshow&quot;:&quot;start slideshow&quot;,&quot;stop_slideshow&quot;:&quot;stop slideshow&quot;,&quot;image&quot;:&quot;image&quot;,&quot;of&quot;:&quot;of&quot;,&quot;prev&quot;:&quot;prev&quot;,&quot;cExpand&quot;:&quot;Expand&quot;,&quot;cPrevious&quot;:&quot;Previous&quot;,&quot;cNext&quot;:&quot;Next&quot;,&quot;cExpandStr&quot;:&quot;Expand the image&quot;,&quot;cRotate&quot;:&quot;Rotate&quot;,&quot;cDetails&quot;:&quot;Details&quot;}\" data-popup-slideshow=\"false\" data-popup-slideshow-speed=\"2500\" data-popup-hoverstop=\"false\" data-popup-slideshow-auto=\"false\" data-popup-background=\"\" data-popup-transparency=\"30\" data-popup-disable-history=\"\" data-popup-disable-changed-url=\"\" data-popup-border-type=\"\" data-popup-border-color=\"\" data-popup-border-width=\"\" data-popup-border-enable=\"\" data-fullscreen=\"false\" data-hide-tooltip=\"false\" data-caption-font-family=\"Default\" data-caption-text-size=\"140\" data-is-mobile=\"0\" data-caption-mobile=\"false\" data-hide-long-tltp-title=\"0\" data-caption-disabled-on-mobile=\"false\" data-popup-placement-type=\"0\" data-social-sharing=\"{&quot;enabled&quot;:&quot;&quot;,&quot;gallerySharing&quot;:{&quot;enabled&quot;:null,&quot;position&quot;:null},&quot;imageSharing&quot;:{&quot;enabled&quot;:null,&quot;wrapperClass&quot;:&quot; vertical &quot;},&quot;popupSharing&quot;:{&quot;enabled&quot;:null,&quot;wrapperClass&quot;:&quot; vertical &quot;}}\" class=\"grid-gallery grid-gallery-fixed \" style=\" width:100%; height:auto; float: left;position:relative;\"> <div class=\"gallery-loading\"> <div class=\"blocks\"> <div class=\"block\"><\/div> <div class=\"block\"><\/div> <div class=\"block\"><\/div> <div class=\"block\"><\/div> <\/div> <\/div> <div class=\"gallery-sharing-top\" style=\"display:none;\"> <\/div> <div id=\"photos-66\" class=\"grid-gallery-photos\"><FIGURE class=\"grid-gallery-caption\" data-grid-gallery-type=\"quarter-slide-up\" data-index=\"0\" style=\"display:none;border-radius:00;; margin:5.3px; width:2150;\" ><div class=\"crop\" style=\" width:2150; height:2150; overflow:hidden;\"><img decoding=\"async\" src=\"http:\/\/www.plasticase.nl\/wp-content\/uploads\/2016\/12\/powerclaw-3-215x215.jpg\" class=\"ggImg\" alt=\"powerclaw-3\" title=\"powerclaw-3\" data-description=\"powerclaw-3\" data-caption=\"powerclaw-3\" data-title=\"powerclaw-3\" style=\" width:215px; height:215px;\" \/><\/div><FIGCAPTION class=\"\" data-alpha=\"5\" style=\"color:#ffffff; background-color:#6f0000; font-size:140; text-align:left; font-family:Default;\" ><div class=\"grid-gallery-figcaption-wrap\" style=\"\"><\/div><\/FIGCAPTION><\/FIGURE><FIGURE class=\"grid-gallery-caption\" data-grid-gallery-type=\"quarter-slide-up\" data-index=\"1\" style=\"display:none;border-radius:00;; margin:5.3px; width:2150;\" ><div class=\"crop\" style=\" width:2150; height:2150; overflow:hidden;\"><img decoding=\"async\" src=\"http:\/\/www.plasticase.nl\/wp-content\/uploads\/2016\/12\/waterproof-2-215x215.jpg\" class=\"ggImg\" alt=\"waterproof-2\" title=\"waterproof-2\" data-description=\"waterproof-2\" data-caption=\"waterproof-2\" data-title=\"waterproof-2\" style=\" width:215px; height:215px;\" \/><\/div><FIGCAPTION class=\"\" data-alpha=\"5\" style=\"color:#ffffff; background-color:#6f0000; font-size:140; text-align:left; font-family:Default;\" ><div class=\"grid-gallery-figcaption-wrap\" style=\"\"><\/div><\/FIGCAPTION><\/FIGURE><FIGURE class=\"grid-gallery-caption\" data-grid-gallery-type=\"quarter-slide-up\" data-index=\"2\" style=\"display:none;border-radius:00;; margin:5.3px; width:2150;\" ><div class=\"crop\" style=\" width:2150; height:2150; overflow:hidden;\"><img decoding=\"async\" src=\"http:\/\/www.plasticase.nl\/wp-content\/uploads\/2016\/12\/impact-2-215x215.jpg\" class=\"ggImg\" alt=\"impact-2\" title=\"impact-2\" data-description=\"impact-2\" data-caption=\"impact-2\" data-title=\"impact-2\" style=\" width:215px; height:215px;\" \/><\/div><FIGCAPTION class=\"\" data-alpha=\"5\" style=\"color:#ffffff; background-color:#6f0000; font-size:140; text-align:left; font-family:Default;\" ><div class=\"grid-gallery-figcaption-wrap\" style=\"\"><\/div><\/FIGCAPTION><\/FIGURE><FIGURE class=\"grid-gallery-caption\" data-grid-gallery-type=\"quarter-slide-up\" data-index=\"3\" style=\"display:none;border-radius:00;; margin:5.3px; width:2150;\" ><div class=\"crop\" style=\" width:2150; height:2150; overflow:hidden;\"><img decoding=\"async\" src=\"http:\/\/www.plasticase.nl\/wp-content\/uploads\/2016\/12\/padlock-holes-1-215x215.jpg\" class=\"ggImg\" alt=\"padlock-holes-1\" title=\"padlock-holes-1\" data-description=\"padlock-holes-1\" data-caption=\"padlock-holes-1\" data-title=\"padlock-holes-1\" style=\" width:215px; height:215px;\" \/><\/div><FIGCAPTION class=\"\" data-alpha=\"5\" style=\"color:#ffffff; background-color:#6f0000; font-size:140; text-align:left; font-family:Default;\" ><div class=\"grid-gallery-figcaption-wrap\" style=\"\"><\/div><\/FIGCAPTION><\/FIGURE><FIGURE class=\"grid-gallery-caption\" data-grid-gallery-type=\"quarter-slide-up\" data-index=\"4\" style=\"display:none;border-radius:00;; margin:5.3px; width:2150;\" ><div class=\"crop\" style=\" width:2150; height:2150; overflow:hidden;\"><img decoding=\"async\" src=\"http:\/\/www.plasticase.nl\/wp-content\/uploads\/2016\/12\/retractable-handle-1-215x215.jpg\" class=\"ggImg\" alt=\"retractable-handle-1\" title=\"retractable-handle-1\" data-description=\"retractable-handle-1\" data-caption=\"retractable-handle-1\" data-title=\"retractable-handle-1\" style=\" width:215px; height:215px;\" \/><\/div><FIGCAPTION class=\"\" data-alpha=\"5\" style=\"color:#ffffff; background-color:#6f0000; font-size:140; text-align:left; font-family:Default;\" ><div class=\"grid-gallery-figcaption-wrap\" style=\"\"><\/div><\/FIGCAPTION><\/FIGURE><FIGURE class=\"grid-gallery-caption\" data-grid-gallery-type=\"quarter-slide-up\" data-index=\"5\" style=\"display:none;border-radius:00;; margin:5.3px; width:2150;\" ><div class=\"crop\" style=\" width:2150; height:2150; overflow:hidden;\"><img decoding=\"async\" src=\"http:\/\/www.plasticase.nl\/wp-content\/uploads\/2016\/12\/wheels-1-215x215.jpg\" class=\"ggImg\" alt=\"wheels-1\" title=\"wheels-1\" data-description=\"wheels-1\" data-caption=\"wheels-1\" data-title=\"wheels-1\" style=\" width:215px; height:215px;\" \/><\/div><FIGCAPTION class=\"\" data-alpha=\"5\" style=\"color:#ffffff; background-color:#6f0000; font-size:140; text-align:left; font-family:Default;\" ><div class=\"grid-gallery-figcaption-wrap\" style=\"\"><\/div><\/FIGCAPTION><\/FIGURE><FIGURE class=\"grid-gallery-caption\" data-grid-gallery-type=\"quarter-slide-up\" data-index=\"6\" style=\"display:none;border-radius:00;; margin:5.3px; width:2150;\" ><div class=\"crop\" style=\" width:2150; height:2150; overflow:hidden;\"><img decoding=\"async\" src=\"http:\/\/www.plasticase.nl\/wp-content\/uploads\/2016\/12\/removable-lid-1-215x215.jpg\" class=\"ggImg\" alt=\"removable-lid-1\" title=\"removable-lid-1\" data-description=\"removable-lid-1\" data-caption=\"removable-lid-1\" data-title=\"removable-lid-1\" style=\" width:215px; height:215px;\" \/><\/div><FIGCAPTION class=\"\" data-alpha=\"5\" style=\"color:#ffffff; background-color:#6f0000; font-size:140; text-align:left; font-family:Default;\" ><div class=\"grid-gallery-figcaption-wrap\" style=\"\"><\/div><\/FIGCAPTION><\/FIGURE><FIGURE class=\"grid-gallery-caption\" data-grid-gallery-type=\"quarter-slide-up\" data-index=\"7\" style=\"display:none;border-radius:00;; margin:5.3px; width:2150;\" ><div class=\"crop\" style=\" width:2150; height:2150; overflow:hidden;\"><img decoding=\"async\" src=\"http:\/\/www.plasticase.nl\/wp-content\/uploads\/2016\/12\/top-bottom-lid-215x215.jpg\" class=\"ggImg\" alt=\"top-bottom-lid\" title=\"top-bottom-lid\" data-description=\"top-bottom-lid\" data-caption=\"top-bottom-lid\" data-title=\"top-bottom-lid\" style=\" width:215px; height:215px;\" \/><\/div><FIGCAPTION class=\"\" data-alpha=\"5\" style=\"color:#ffffff; background-color:#6f0000; font-size:140; text-align:left; font-family:Default;\" ><div class=\"grid-gallery-figcaption-wrap\" style=\"\"><\/div><\/FIGCAPTION><\/FIGURE> <div class=\"grid-gallery-clearfix\"><\/div> <\/div> <div class=\"gallery-sharing-bottom\" style=\"display:none;\"> <\/div> <div class=\"gallery-sharing-image\" style=\"display:none;\"> <\/div> <div class=\"gallery-sharing-popup\" style=\"display:none;\"> <\/div> <div class=\"grid-gallery-clearfix\"><\/div> <\/div> <!-- Gallery by Supsystic plugin1.16.0 --><a title=\"WordPress Gallery Plugin\" style=\"display:none;\" href=\"https:\/\/supsystic.com\/plugins\/photo-gallery\/?utm_medium=love_link\" target=\"_blank\">WordPress Gallery Plugin<\/a>\n<h2>Accessoires<\/h2>\n<h4><strong>Schouderband<img loading=\"lazy\" decoding=\"async\" class=\"size-thumbnail wp-image-1199 alignright\" src=\"http:\/\/www.plasticase.nl\/wp-content\/uploads\/2016\/12\/strap-300x239-150x150.jpg\" alt=\"\" width=\"150\" height=\"150\" \/><\/strong><\/h4>\n<p>Onze neopreen schouderband bevat Aircell \u2122 comfort\u00a0technologie om vermoeidheid te verminderen bij het vervoeren van uw koffer. De schouderband kan eenvoudig bevestigd worden aan alle NANUK koffers zonder extra hardware.<\/p>\n<p>* Compatibel met NANUK 905-945 koffers.<\/p>\n<h4><strong>TSA Hangslot<img loading=\"lazy\" decoding=\"async\" class=\"size-thumbnail wp-image-1144 alignright\" src=\"http:\/\/www.plasticase.nl\/wp-content\/uploads\/2016\/12\/tsa-padlock-150x150.jpg\" alt=\"\" width=\"150\" height=\"150\" \/><\/strong><\/h4>\n<p>TSA hangsloten bieden de zekerheid van een hangslot, maar kunnen eenvoudig geopend en ge\u00efnspecteerd worden door beveiliging van de luchthaven en dan weer worden vergrendeld. Een visuele indicator laat u weten wanneer de koffer\u00a0is geopend met een TSA sleutel.<\/p>\n<h2>Specificaties<\/h2>\n<table>\n<tbody>\n<tr>\n<td>Binnenmaten<\/td>\n<td>L20.5&#8243; x W11 . 3&#8243; x H 7.5&#8243;<br \/>\nL521mm x W287mm x H191mm<\/td>\n<\/tr>\n<tr>\n<td>Buitenmaten<\/td>\n<td>L22.0&#8243; x W14.0&#8243; x H9.0&#8243;<br \/>\nL559mm x W356mm x H229mm<\/td>\n<\/tr>\n<tr>\n<td>Gewicht (leeg)<\/td>\n<td>13.1 lbs | 5.9 kg<\/td>\n<\/tr>\n<tr>\n<td>Temperatuurbereik<\/td>\n<td>Min -20\u00b0F (-29\u00b0C ) Max 140\u00b0F (60\u00b0C)<\/td>\n<\/tr>\n<tr>\n<td>Diepte deskel<\/td>\n<td>2.1&#8243; | 53mm<\/td>\n<\/tr>\n<tr>\n<td>Diepte\u00a0basis<\/td>\n<td>5.4&#8243; | 137mm<\/td>\n<\/tr>\n<tr>\n<td>Waterdicht (IP67)<\/td>\n<td>Ja<\/td>\n<\/tr>\n<tr>\n<td>Materiaal<\/td>\n<td>Lichtgewicht NK-7 \u2122 hars<\/td>\n<\/tr>\n<tr>\n<td>Maximaal drijfvermogen<\/td>\n<td>58 lbs | 26.4 kg<\/td>\n<\/tr>\n<tr>\n<td>Kleuren<\/td>\n<td><img loading=\"lazy\" decoding=\"async\" class=\"alignleft wp-image-554 size-full\" title=\"Zwart\" src=\"http:\/\/www.plasticase.nl\/wp-content\/uploads\/2016\/03\/black.jpg\" alt=\"Zwart\" width=\"20\" height=\"20\" \/><img loading=\"lazy\" decoding=\"async\" class=\"alignleft wp-image-556 size-full\" title=\"Graphite\" src=\"http:\/\/www.plasticase.nl\/wp-content\/uploads\/2016\/03\/graphite.jpg\" alt=\"Graphite\" width=\"20\" height=\"20\" \/><img loading=\"lazy\" decoding=\"async\" class=\"alignleft wp-image-974 size-full\" title=\"Olive\" src=\"http:\/\/www.plasticase.nl\/wp-content\/uploads\/2016\/12\/olive.jpg\" alt=\"Olive\" width=\"20\" height=\"20\" \/><img loading=\"lazy\" decoding=\"async\" class=\"alignleft wp-image-975 size-full\" title=\"Oranje\" src=\"http:\/\/www.plasticase.nl\/wp-content\/uploads\/2016\/12\/orange.jpg\" alt=\"Oranje\" width=\"20\" height=\"20\" \/><img loading=\"lazy\" decoding=\"async\" class=\"alignleft wp-image-976 size-full\" title=\"Zilver\" src=\"http:\/\/www.plasticase.nl\/wp-content\/uploads\/2016\/12\/silver.jpg\" alt=\"Zilver\" width=\"20\" height=\"20\" \/><img loading=\"lazy\" decoding=\"async\" class=\"alignleft wp-image-559 size-full\" title=\"Geel\" src=\"http:\/\/www.plasticase.nl\/wp-content\/uploads\/2016\/03\/yellow.jpg\" alt=\"Geel\" width=\"20\" height=\"20\" \/><\/td>\n<\/tr>\n<tr>\n<td>Garantie<\/td>\n<td>Voorwaardelijke levenslange garantie<\/td>\n<\/tr>\n<tr>\n<td>Certificaten<\/td>\n<td>ATA 300 | ASTM D4169 | Mil-std-810f | IP67 Rating<\/td>\n<\/tr>\n<tr>\n<td>\u00a0Download<\/td>\n<td><a href=\"http:\/\/www.plasticase.nl\/wp-content\/uploads\/2016\/12\/nanuk-935-technical-specifications-zip-203-af94.pdf\">Technische specificaties Nanuk 935<\/a><br \/>\n<a href=\"http:\/\/www.plasticase.nl\/wp-content\/uploads\/2016\/12\/nanuk-935-6up-pistol-technical-specifications-pdf-347-af1d.pdf\">Technische specificaties Nanuk 935 6 UP Pistol<\/a><\/td>\n<\/tr>\n<\/tbody>\n<\/table>\n<p>&nbsp;<\/p>\n<div id=\"grid-gallery-40-21207\" data-gg-id=\"40\" data-title=\"935 6 up pistol\" data-grid-type=\"0\" data-offset=\"5.3\" data-area-position=\"left\" data-icons=\"\" data-preloader=\"true\" data-width=\"215\" data-height=\"215\" data-padding=\"0\" data-quicksand=\"disabled\" data-quicksand-duration=\"none\" data-popup-theme=\"theme_6\" data-popup-type=\"pretty-photo\" data-popup-image-text=\"data-description\" data-popup-widthsize=\"auto\" data-popup-heightsize=\"auto\" data-popup-i18n-words=\"{&quot;close&quot;:&quot;close&quot;,&quot;next&quot;:&quot;next&quot;,&quot;previous&quot;:&quot;previous&quot;,&quot;start_slideshow&quot;:&quot;start slideshow&quot;,&quot;stop_slideshow&quot;:&quot;stop slideshow&quot;,&quot;image&quot;:&quot;image&quot;,&quot;of&quot;:&quot;of&quot;,&quot;prev&quot;:&quot;prev&quot;,&quot;cExpand&quot;:&quot;Expand&quot;,&quot;cPrevious&quot;:&quot;Previous&quot;,&quot;cNext&quot;:&quot;Next&quot;,&quot;cExpandStr&quot;:&quot;Expand the image&quot;,&quot;cRotate&quot;:&quot;Rotate&quot;,&quot;cDetails&quot;:&quot;Details&quot;}\" data-popup-slideshow=\"false\" data-popup-slideshow-speed=\"2500\" data-popup-hoverstop=\"false\" data-popup-slideshow-auto=\"false\" data-popup-background=\"\" data-popup-transparency=\"30\" data-popup-disable-history=\"\" data-popup-disable-changed-url=\"\" data-popup-border-type=\"\" data-popup-border-color=\"\" data-popup-border-width=\"\" data-popup-border-enable=\"\" data-fullscreen=\"false\" data-hide-tooltip=\"false\" data-caption-font-family=\"Default\" data-caption-text-size=\"140\" data-is-mobile=\"0\" data-caption-mobile=\"false\" data-hide-long-tltp-title=\"0\" data-caption-disabled-on-mobile=\"false\" data-popup-placement-type=\"0\" data-social-sharing=\"{&quot;enabled&quot;:&quot;&quot;,&quot;gallerySharing&quot;:{&quot;enabled&quot;:null,&quot;position&quot;:null},&quot;imageSharing&quot;:{&quot;enabled&quot;:null,&quot;wrapperClass&quot;:&quot; vertical &quot;},&quot;popupSharing&quot;:{&quot;enabled&quot;:null,&quot;wrapperClass&quot;:&quot; vertical &quot;}}\" class=\"grid-gallery grid-gallery-fixed \" style=\" width:100%; height:auto; float: left;position:relative;\"> <div class=\"gallery-loading\"> <div class=\"blocks\"> <div class=\"block\"><\/div> <div class=\"block\"><\/div> <div class=\"block\"><\/div> <div class=\"block\"><\/div> <\/div> <\/div> <div class=\"gallery-sharing-top\" style=\"display:none;\"> <\/div> <div id=\"photos-40\" class=\"grid-gallery-photos\"><FIGURE class=\"grid-gallery-caption\" data-grid-gallery-type=\"quarter-slide-up\" data-index=\"0\" style=\"display:none;border-radius:00;; margin:5.3px; width:2150;\" ><div class=\"crop\" style=\" width:2150; height:2150; overflow:hidden;\"><img decoding=\"async\" src=\"http:\/\/www.plasticase.nl\/wp-content\/uploads\/2016\/12\/935pistol-1-215x215.jpg\" class=\"ggImg\" alt=\"935pistol-1\" title=\"935pistol-1\" data-description=\"935pistol-1\" data-caption=\"935pistol-1\" data-title=\"935pistol-1\" style=\" width:215px; height:215px;\" \/><\/div><FIGCAPTION class=\"\" data-alpha=\"5\" style=\"color:#ffffff; background-color:#6f0000; font-size:140; text-align:left; font-family:Default;\" ><div class=\"grid-gallery-figcaption-wrap\" style=\"\"><\/div><\/FIGCAPTION><\/FIGURE><FIGURE class=\"grid-gallery-caption\" data-grid-gallery-type=\"quarter-slide-up\" data-index=\"1\" style=\"display:none;border-radius:00;; margin:5.3px; width:2150;\" ><div class=\"crop\" style=\" width:2150; height:2150; overflow:hidden;\"><img decoding=\"async\" src=\"http:\/\/www.plasticase.nl\/wp-content\/uploads\/2016\/12\/935pistol-2-215x215.jpg\" class=\"ggImg\" alt=\"935pistol-2\" title=\"935pistol-2\" data-description=\"935pistol-2\" data-caption=\"935pistol-2\" data-title=\"935pistol-2\" style=\" width:215px; height:215px;\" \/><\/div><FIGCAPTION class=\"\" data-alpha=\"5\" style=\"color:#ffffff; background-color:#6f0000; font-size:140; text-align:left; font-family:Default;\" ><div class=\"grid-gallery-figcaption-wrap\" style=\"\"><\/div><\/FIGCAPTION><\/FIGURE><FIGURE class=\"grid-gallery-caption\" data-grid-gallery-type=\"quarter-slide-up\" data-index=\"2\" style=\"display:none;border-radius:00;; margin:5.3px; width:2150;\" ><div class=\"crop\" style=\" width:2150; height:2150; overflow:hidden;\"><img decoding=\"async\" src=\"http:\/\/www.plasticase.nl\/wp-content\/uploads\/2016\/12\/935pistol-3-215x215.jpg\" class=\"ggImg\" alt=\"935pistol-3\" title=\"935pistol-3\" data-description=\"935pistol-3\" data-caption=\"935pistol-3\" data-title=\"935pistol-3\" style=\" width:215px; height:215px;\" \/><\/div><FIGCAPTION class=\"\" data-alpha=\"5\" style=\"color:#ffffff; background-color:#6f0000; font-size:140; text-align:left; font-family:Default;\" ><div class=\"grid-gallery-figcaption-wrap\" style=\"\"><\/div><\/FIGCAPTION><\/FIGURE><FIGURE class=\"grid-gallery-caption\" data-grid-gallery-type=\"quarter-slide-up\" data-index=\"3\" style=\"display:none;border-radius:00;; margin:5.3px; width:2150;\" ><div class=\"crop\" style=\" width:2150; height:2150; overflow:hidden;\"><img decoding=\"async\" src=\"http:\/\/www.plasticase.nl\/wp-content\/uploads\/2016\/12\/935pistol-4-215x215.jpg\" class=\"ggImg\" alt=\"935pistol-4\" title=\"935pistol-4\" data-description=\"935pistol-4\" data-caption=\"935pistol-4\" data-title=\"935pistol-4\" style=\" width:215px; height:215px;\" \/><\/div><FIGCAPTION class=\"\" data-alpha=\"5\" style=\"color:#ffffff; background-color:#6f0000; font-size:140; text-align:left; font-family:Default;\" ><div class=\"grid-gallery-figcaption-wrap\" style=\"\"><\/div><\/FIGCAPTION><\/FIGURE><FIGURE class=\"grid-gallery-caption\" data-grid-gallery-type=\"quarter-slide-up\" data-index=\"4\" style=\"display:none;border-radius:00;; margin:5.3px; width:2150;\" ><div class=\"crop\" style=\" width:2150; height:2150; overflow:hidden;\"><img decoding=\"async\" src=\"http:\/\/www.plasticase.nl\/wp-content\/uploads\/2016\/12\/935pistol-5-215x215.jpg\" class=\"ggImg\" alt=\"935pistol-5\" title=\"935pistol-5\" data-description=\"935pistol-5\" data-caption=\"935pistol-5\" data-title=\"935pistol-5\" style=\" width:215px; height:215px;\" \/><\/div><FIGCAPTION class=\"\" data-alpha=\"5\" style=\"color:#ffffff; background-color:#6f0000; font-size:140; text-align:left; font-family:Default;\" ><div class=\"grid-gallery-figcaption-wrap\" style=\"\"><\/div><\/FIGCAPTION><\/FIGURE><FIGURE class=\"grid-gallery-caption\" data-grid-gallery-type=\"quarter-slide-up\" data-index=\"5\" style=\"display:none;border-radius:00;; margin:5.3px; width:2150;\" ><div class=\"crop\" style=\" width:2150; height:2150; overflow:hidden;\"><img decoding=\"async\" src=\"http:\/\/www.plasticase.nl\/wp-content\/uploads\/2016\/12\/935pistol-6-215x215.jpg\" class=\"ggImg\" alt=\"935pistol-6\" title=\"935pistol-6\" data-description=\"935pistol-6\" data-caption=\"935pistol-6\" data-title=\"935pistol-6\" style=\" width:215px; height:215px;\" \/><\/div><FIGCAPTION class=\"\" data-alpha=\"5\" style=\"color:#ffffff; background-color:#6f0000; font-size:140; text-align:left; font-family:Default;\" ><div class=\"grid-gallery-figcaption-wrap\" style=\"\"><\/div><\/FIGCAPTION><\/FIGURE><FIGURE class=\"grid-gallery-caption\" data-grid-gallery-type=\"quarter-slide-up\" data-index=\"6\" style=\"display:none;border-radius:00;; margin:5.3px; width:2150;\" ><div class=\"crop\" style=\" width:2150; height:2150; overflow:hidden;\"><img decoding=\"async\" src=\"http:\/\/www.plasticase.nl\/wp-content\/uploads\/2016\/12\/935pistol-7-215x215.jpg\" class=\"ggImg\" alt=\"935pistol-7\" title=\"935pistol-7\" data-description=\"935pistol-7\" data-caption=\"935pistol-7\" data-title=\"935pistol-7\" style=\" width:215px; height:215px;\" \/><\/div><FIGCAPTION class=\"\" data-alpha=\"5\" style=\"color:#ffffff; background-color:#6f0000; font-size:140; text-align:left; font-family:Default;\" ><div class=\"grid-gallery-figcaption-wrap\" style=\"\"><\/div><\/FIGCAPTION><\/FIGURE><FIGURE class=\"grid-gallery-caption\" data-grid-gallery-type=\"quarter-slide-up\" data-index=\"7\" style=\"display:none;border-radius:00;; margin:5.3px; width:2150;\" ><div class=\"crop\" style=\" width:2150; height:2150; overflow:hidden;\"><img decoding=\"async\" src=\"http:\/\/www.plasticase.nl\/wp-content\/uploads\/2016\/12\/935pistol-8-215x215.jpg\" class=\"ggImg\" alt=\"935pistol-8\" title=\"935pistol-8\" data-description=\"935pistol-8\" data-caption=\"935pistol-8\" data-title=\"935pistol-8\" style=\" width:215px; height:215px;\" \/><\/div><FIGCAPTION class=\"\" data-alpha=\"5\" style=\"color:#ffffff; background-color:#6f0000; font-size:140; text-align:left; font-family:Default;\" ><div class=\"grid-gallery-figcaption-wrap\" style=\"\"><\/div><\/FIGCAPTION><\/FIGURE> <div class=\"grid-gallery-clearfix\"><\/div> <\/div> <div class=\"gallery-sharing-bottom\" style=\"display:none;\"> <\/div> <div class=\"gallery-sharing-image\" style=\"display:none;\"> <\/div> <div class=\"gallery-sharing-popup\" style=\"display:none;\"> <\/div> <div class=\"grid-gallery-clearfix\"><\/div> <\/div> <!-- Gallery by Supsystic plugin1.16.0 --><a title=\"WordPress Gallery Plugin\" style=\"display:none;\" href=\"https:\/\/supsystic.com\/plugins\/photo-gallery\/?utm_medium=love_link\" target=\"_blank\">WordPress Gallery Plugin<\/a>\n<p><a href=\"http:\/\/www.plasticase.nl\/?page_id=198\">Terug naar\u00a0Nanukcases<\/a><\/p>\n","protected":false},"excerpt":{"rendered":"<p>Omschrijving Drie soft-grip handvaten maken deze trolly koffer\u00a0een van de meest gunstige op de markt. De 935&#8217;s polyurethaan wielen weerstaan ruw terrein, terwijl het met \u00e9\u00e9n hand te bedienen uitschuifbare&#8230; <a href=\"https:\/\/www.plasticase.nl\/?page_id=1559\">Lees verder &raquo;<\/a><\/p>\n","protected":false},"author":3870,"featured_media":0,"parent":0,"menu_order":0,"comment_status":"closed","ping_status":"closed","template":"page-templates\/full-width.php","meta":{"footnotes":""},"class_list":["post-1559","page","type-page","status-publish","hentry"],"_links":{"self":[{"href":"https:\/\/www.plasticase.nl\/index.php?rest_route=\/wp\/v2\/pages\/1559","targetHints":{"allow":["GET"]}}],"collection":[{"href":"https:\/\/www.plasticase.nl\/index.php?rest_route=\/wp\/v2\/pages"}],"about":[{"href":"https:\/\/www.plasticase.nl\/index.php?rest_route=\/wp\/v2\/types\/page"}],"author":[{"embeddable":true,"href":"https:\/\/www.plasticase.nl\/index.php?rest_route=\/wp\/v2\/users\/3870"}],"replies":[{"embeddable":true,"href":"https:\/\/www.plasticase.nl\/index.php?rest_route=%2Fwp%2Fv2%2Fcomments&post=1559"}],"version-history":[{"count":8,"href":"https:\/\/www.plasticase.nl\/index.php?rest_route=\/wp\/v2\/pages\/1559\/revisions"}],"predecessor-version":[{"id":1901,"href":"https:\/\/www.plasticase.nl\/index.php?rest_route=\/wp\/v2\/pages\/1559\/revisions\/1901"}],"wp:attachment":[{"href":"https:\/\/www.plasticase.nl\/index.php?rest_route=%2Fwp%2Fv2%2Fmedia&parent=1559"}],"curies":[{"name":"wp","href":"https:\/\/api.w.org\/{rel}","templated":true}]}}