{"id":1581,"date":"2016-12-13T13:26:55","date_gmt":"2016-12-13T12:26:55","guid":{"rendered":"http:\/\/www.plasticase.nl\/?page_id=1581"},"modified":"2017-01-02T16:04:45","modified_gmt":"2017-01-02T15:04:45","slug":"nanuk-990-ar","status":"publish","type":"page","link":"https:\/\/www.plasticase.nl\/?page_id=1581","title":{"rendered":"Nanuk 990 AR"},"content":{"rendered":"<h2>Omschrijving<a href=\"http:\/\/www.plasticase.nl\/wp-content\/uploads\/2016\/12\/990ar-1.jpg\"><img loading=\"lazy\" decoding=\"async\" class=\"alignright wp-image-1574 size-medium\" src=\"http:\/\/www.plasticase.nl\/wp-content\/uploads\/2016\/12\/990ar-1-300x300.jpg\" width=\"300\" height=\"300\" srcset=\"https:\/\/www.plasticase.nl\/wp-content\/uploads\/2016\/12\/990ar-1-300x300.jpg 300w, https:\/\/www.plasticase.nl\/wp-content\/uploads\/2016\/12\/990ar-1-150x150.jpg 150w, https:\/\/www.plasticase.nl\/wp-content\/uploads\/2016\/12\/990ar-1-768x768.jpg 768w, https:\/\/www.plasticase.nl\/wp-content\/uploads\/2016\/12\/990ar-1-700x700.jpg 700w, https:\/\/www.plasticase.nl\/wp-content\/uploads\/2016\/12\/990ar-1-800x800.jpg 800w, https:\/\/www.plasticase.nl\/wp-content\/uploads\/2016\/12\/990ar-1.jpg 1000w\" sizes=\"auto, (max-width: 300px) 100vw, 300px\" \/><\/a><\/h2>\n<p>De 990 AR koffer\u00a0is ontworpen d\u00f3\u00f3r liefhebbers v\u00f3\u00f3r liefhebbers met details die zelfs de meest veeleisende schutters zullen waarderen. Ontworpen voor een standaard 36 &#8220;AR 15, samen met ruimte voor maximaal 8 magazijnen.\u00a0De koffer\u00a0kan tevens\u00a0een pistool en 4 universele pistool enkel of dubbele\u00a0magazijnen\u00a0huisvesten. De koffer\u00a0wordt geleverd met foam\u00a0vullers in plaats, zodat u de indeling van de koffer kan aanpassen aan uw individuele wensen. Uitgerust met 2 vergrendeling TSA sloten en polyurethaan wielen, zal de\u00a0990 AR koffer\u00a0je geweer in alle veiligheid beschermen tijdens vervoeren.<\/p>\n<h2>Eigenschappen<\/h2>\n<div id=\"grid-gallery-72-43725\" data-gg-id=\"72\" data-title=\"Eigenschappen Long\" data-grid-type=\"0\" data-offset=\"5.3\" data-area-position=\"left\" data-icons=\"\" data-preloader=\"true\" data-width=\"215\" data-height=\"215\" data-padding=\"0\" data-quicksand=\"disabled\" data-quicksand-duration=\"none\" data-popup-theme=\"theme_6\" data-popup-type=\"pretty-photo\" data-popup-image-text=\"data-description\" data-popup-widthsize=\"auto\" data-popup-heightsize=\"auto\" data-popup-i18n-words=\"{&quot;close&quot;:&quot;close&quot;,&quot;next&quot;:&quot;next&quot;,&quot;previous&quot;:&quot;previous&quot;,&quot;start_slideshow&quot;:&quot;start slideshow&quot;,&quot;stop_slideshow&quot;:&quot;stop slideshow&quot;,&quot;image&quot;:&quot;image&quot;,&quot;of&quot;:&quot;of&quot;,&quot;prev&quot;:&quot;prev&quot;,&quot;cExpand&quot;:&quot;Expand&quot;,&quot;cPrevious&quot;:&quot;Previous&quot;,&quot;cNext&quot;:&quot;Next&quot;,&quot;cExpandStr&quot;:&quot;Expand the image&quot;,&quot;cRotate&quot;:&quot;Rotate&quot;,&quot;cDetails&quot;:&quot;Details&quot;}\" data-popup-slideshow=\"false\" data-popup-slideshow-speed=\"2500\" data-popup-hoverstop=\"false\" data-popup-slideshow-auto=\"false\" data-popup-background=\"\" data-popup-transparency=\"30\" data-popup-disable-history=\"\" data-popup-disable-changed-url=\"\" data-popup-border-type=\"\" data-popup-border-color=\"\" data-popup-border-width=\"\" data-popup-border-enable=\"\" data-fullscreen=\"false\" data-hide-tooltip=\"false\" data-caption-font-family=\"Default\" data-caption-text-size=\"140\" data-is-mobile=\"0\" data-caption-mobile=\"false\" data-hide-long-tltp-title=\"0\" data-caption-disabled-on-mobile=\"false\" data-popup-placement-type=\"0\" data-social-sharing=\"{&quot;enabled&quot;:&quot;&quot;,&quot;gallerySharing&quot;:{&quot;enabled&quot;:null,&quot;position&quot;:null},&quot;imageSharing&quot;:{&quot;enabled&quot;:null,&quot;wrapperClass&quot;:&quot; vertical &quot;},&quot;popupSharing&quot;:{&quot;enabled&quot;:null,&quot;wrapperClass&quot;:&quot; vertical &quot;}}\" class=\"grid-gallery grid-gallery-fixed \" style=\" width:100%; height:auto; float: left;position:relative;\"> <div class=\"gallery-loading\"> <div class=\"blocks\"> <div class=\"block\"><\/div> <div class=\"block\"><\/div> <div class=\"block\"><\/div> <div class=\"block\"><\/div> <\/div> <\/div> <div class=\"gallery-sharing-top\" style=\"display:none;\"> <\/div> <div id=\"photos-72\" class=\"grid-gallery-photos\"><FIGURE class=\"grid-gallery-caption\" data-grid-gallery-type=\"quarter-slide-up\" data-index=\"0\" style=\"display:none;border-radius:00;; margin:5.3px; width:2150;\" ><div class=\"crop\" style=\" width:2150; height:2150; overflow:hidden;\"><img decoding=\"async\" src=\"http:\/\/www.plasticase.nl\/wp-content\/uploads\/2016\/12\/powerclaw_long-215x215.jpg\" class=\"ggImg\" alt=\"powerclaw_long\" title=\"powerclaw_long\" data-description=\"powerclaw_long\" data-caption=\"powerclaw_long\" data-title=\"powerclaw_long\" style=\" width:215px; height:215px;\" \/><\/div><FIGCAPTION class=\"\" data-alpha=\"5\" style=\"color:#ffffff; background-color:#6f0000; font-size:140; text-align:left; font-family:Default;\" ><div class=\"grid-gallery-figcaption-wrap\" style=\"\"><\/div><\/FIGCAPTION><\/FIGURE><FIGURE class=\"grid-gallery-caption\" data-grid-gallery-type=\"quarter-slide-up\" data-index=\"1\" style=\"display:none;border-radius:00;; margin:5.3px; width:2150;\" ><div class=\"crop\" style=\" width:2150; height:2150; overflow:hidden;\"><img decoding=\"async\" src=\"http:\/\/www.plasticase.nl\/wp-content\/uploads\/2016\/12\/waterproof-3-215x215.jpg\" class=\"ggImg\" alt=\"waterproof-3\" title=\"waterproof-3\" data-description=\"waterproof-3\" data-caption=\"waterproof-3\" data-title=\"waterproof-3\" style=\" width:215px; height:215px;\" \/><\/div><FIGCAPTION class=\"\" data-alpha=\"5\" style=\"color:#ffffff; background-color:#6f0000; font-size:140; text-align:left; font-family:Default;\" ><div class=\"grid-gallery-figcaption-wrap\" style=\"\"><\/div><\/FIGCAPTION><\/FIGURE><FIGURE class=\"grid-gallery-caption\" data-grid-gallery-type=\"quarter-slide-up\" data-index=\"2\" style=\"display:none;border-radius:00;; margin:5.3px; width:2150;\" ><div class=\"crop\" style=\" width:2150; height:2150; overflow:hidden;\"><img decoding=\"async\" src=\"http:\/\/www.plasticase.nl\/wp-content\/uploads\/2016\/12\/impact-3-215x215.jpg\" class=\"ggImg\" alt=\"impact-3\" title=\"impact-3\" data-description=\"impact-3\" data-caption=\"impact-3\" data-title=\"impact-3\" style=\" width:215px; height:215px;\" \/><\/div><FIGCAPTION class=\"\" data-alpha=\"5\" style=\"color:#ffffff; background-color:#6f0000; font-size:140; text-align:left; font-family:Default;\" ><div class=\"grid-gallery-figcaption-wrap\" style=\"\"><\/div><\/FIGCAPTION><\/FIGURE><FIGURE class=\"grid-gallery-caption\" data-grid-gallery-type=\"quarter-slide-up\" data-index=\"3\" style=\"display:none;border-radius:00;; margin:5.3px; width:2150;\" ><div class=\"crop\" style=\" width:2150; height:2150; overflow:hidden;\"><img decoding=\"async\" src=\"http:\/\/www.plasticase.nl\/wp-content\/uploads\/2016\/12\/handles-215x215.jpg\" class=\"ggImg\" alt=\"handles\" title=\"handles\" data-description=\"handles\" data-caption=\"handles\" data-title=\"handles\" style=\" width:215px; height:215px;\" \/><\/div><FIGCAPTION class=\"\" data-alpha=\"5\" style=\"color:#ffffff; background-color:#6f0000; font-size:140; text-align:left; font-family:Default;\" ><div class=\"grid-gallery-figcaption-wrap\" style=\"\"><\/div><\/FIGCAPTION><\/FIGURE><FIGURE class=\"grid-gallery-caption\" data-grid-gallery-type=\"quarter-slide-up\" data-index=\"4\" style=\"display:none;border-radius:00;; margin:5.3px; width:2150;\" ><div class=\"crop\" style=\" width:2150; height:2150; overflow:hidden;\"><img decoding=\"async\" src=\"http:\/\/www.plasticase.nl\/wp-content\/uploads\/2016\/12\/padlock-holes-2-215x215.jpg\" class=\"ggImg\" alt=\"padlock-holes-2\" title=\"padlock-holes-2\" data-description=\"padlock-holes-2\" data-caption=\"padlock-holes-2\" data-title=\"padlock-holes-2\" style=\" width:215px; height:215px;\" \/><\/div><FIGCAPTION class=\"\" data-alpha=\"5\" style=\"color:#ffffff; background-color:#6f0000; font-size:140; text-align:left; font-family:Default;\" ><div class=\"grid-gallery-figcaption-wrap\" style=\"\"><\/div><\/FIGCAPTION><\/FIGURE><FIGURE class=\"grid-gallery-caption\" data-grid-gallery-type=\"quarter-slide-up\" data-index=\"5\" style=\"display:none;border-radius:00;; margin:5.3px; width:2150;\" ><div class=\"crop\" style=\" width:2150; height:2150; overflow:hidden;\"><img decoding=\"async\" src=\"http:\/\/www.plasticase.nl\/wp-content\/uploads\/2016\/12\/eyelets-215x215.jpg\" class=\"ggImg\" alt=\"eyelets\" title=\"eyelets\" data-description=\"eyelets\" data-caption=\"eyelets\" data-title=\"eyelets\" style=\" width:215px; height:215px;\" \/><\/div><FIGCAPTION class=\"\" data-alpha=\"5\" style=\"color:#ffffff; background-color:#6f0000; font-size:140; text-align:left; font-family:Default;\" ><div class=\"grid-gallery-figcaption-wrap\" style=\"\"><\/div><\/FIGCAPTION><\/FIGURE><FIGURE class=\"grid-gallery-caption\" data-grid-gallery-type=\"quarter-slide-up\" data-index=\"6\" style=\"display:none;border-radius:00;; margin:5.3px; width:2150;\" ><div class=\"crop\" style=\" width:2150; height:2150; overflow:hidden;\"><img decoding=\"async\" src=\"http:\/\/www.plasticase.nl\/wp-content\/uploads\/2016\/12\/wheels-2-215x215.jpg\" class=\"ggImg\" alt=\"wheels-2\" title=\"wheels-2\" data-description=\"wheels-2\" data-caption=\"wheels-2\" data-title=\"wheels-2\" style=\" width:215px; height:215px;\" \/><\/div><FIGCAPTION class=\"\" data-alpha=\"5\" style=\"color:#ffffff; background-color:#6f0000; font-size:140; text-align:left; font-family:Default;\" ><div class=\"grid-gallery-figcaption-wrap\" style=\"\"><\/div><\/FIGCAPTION><\/FIGURE> <div class=\"grid-gallery-clearfix\"><\/div> <\/div> <div class=\"gallery-sharing-bottom\" style=\"display:none;\"> <\/div> <div class=\"gallery-sharing-image\" style=\"display:none;\"> <\/div> <div class=\"gallery-sharing-popup\" style=\"display:none;\"> <\/div> <div class=\"grid-gallery-clearfix\"><\/div> <\/div> <!-- Gallery by Supsystic plugin1.16.0 --><a title=\"WordPress Gallery Plugin\" style=\"display:none;\" href=\"https:\/\/supsystic.com\/plugins\/photo-gallery\/?utm_medium=love_link\" target=\"_blank\">WordPress Gallery Plugin<\/a>\n<h2>Accessoires<\/h2>\n<h4><strong>TSA hangslot<img loading=\"lazy\" decoding=\"async\" class=\"size-thumbnail wp-image-1144 alignright\" src=\"http:\/\/www.plasticase.nl\/wp-content\/uploads\/2016\/12\/tsa-padlock-150x150.jpg\" alt=\"\" width=\"150\" height=\"150\" \/><\/strong><\/h4>\n<p>TSA hangsloten bieden de zekerheid van een hangslot, maar kunnen eenvoudig geopend en ge\u00efnspecteerd worden door beveiliging van de luchthaven en dan weer worden vergrendeld. Een visuele indicator laat u weten wanneer de koffer\u00a0is geopend met een TSA sleutel.<\/p>\n<h2>Specificaties<\/h2>\n<p>\u200b<\/p>\n<table>\n<tbody>\n<tr>\n<td>Binnenmaten<\/td>\n<td>L44.0&#8243; x W14.5&#8243; x H6.0&#8243;<br \/>\nL1118mm x W368mm x H152mm<\/td>\n<\/tr>\n<tr>\n<td>Buitenmaten<\/td>\n<td>L47.1&#8243; x W17.3&#8243; x H6.6&#8243;<br \/>\nL1196mm x W440mm x H168mm<\/td>\n<\/tr>\n<tr>\n<td>Gewicht (leeg)<\/td>\n<td>21.6 lbs | 9.8\u00a0kg<\/td>\n<\/tr>\n<tr>\n<td>Temperatuurbereik<\/td>\n<td>Min -20\u00b0F (-29\u00b0C ) Max 140\u00b0F (60\u00b0C)<\/td>\n<\/tr>\n<tr>\n<td>Diepte deskel<\/td>\n<td>1.6&#8243; | 41mm<\/td>\n<\/tr>\n<tr>\n<td>Diepte\u00a0basis<\/td>\n<td>4.4&#8243; | 111mm<\/td>\n<\/tr>\n<tr>\n<td>Waterdicht (IP67)<\/td>\n<td>Ja<\/td>\n<\/tr>\n<tr>\n<td>Materiaal<\/td>\n<td>Lichtgewicht NK-7 \u2122 hars<\/td>\n<\/tr>\n<tr>\n<td>Kleuren<\/td>\n<td><img loading=\"lazy\" decoding=\"async\" class=\"alignleft size-full wp-image-554\" src=\"http:\/\/www.plasticase.nl\/wp-content\/uploads\/2016\/03\/black.jpg\" alt=\"Zwart\" width=\"20\" height=\"20\" \/><img loading=\"lazy\" decoding=\"async\" class=\"alignleft size-full wp-image-974\" src=\"http:\/\/www.plasticase.nl\/wp-content\/uploads\/2016\/12\/olive.jpg\" alt=\"\" width=\"20\" height=\"20\" \/><img loading=\"lazy\" decoding=\"async\" class=\"alignleft size-full wp-image-1046\" src=\"http:\/\/www.plasticase.nl\/wp-content\/uploads\/2016\/12\/tan.jpg\" alt=\"\" width=\"20\" height=\"20\" \/><\/td>\n<\/tr>\n<tr>\n<td>Garantie<\/td>\n<td>Voorwaardelijke levenslange garantie<\/td>\n<\/tr>\n<tr>\n<td>Certificaten<\/td>\n<td>ATA 300 | ASTM D4169 | Mil-std-810f | IP67 Rating<\/td>\n<\/tr>\n<tr>\n<td><\/td>\n<td><a href=\"http:\/\/www.plasticase.nl\/wp-content\/uploads\/2016\/12\/nanuk-990-technical-specifications-pdf-279-52e5.pdf\">Technische specificaties Nanuk 990<\/a><br \/>\n<a href=\"http:\/\/www.plasticase.nl\/wp-content\/uploads\/2016\/12\/nanuk-990-ar-technical-specifications-pdf-348-1e5a.pdf\">Technische specificaties Nanuk 990 AR<\/a><\/td>\n<\/tr>\n<\/tbody>\n<\/table>\n<p>&nbsp;<\/p>\n<div id=\"grid-gallery-52-64340\" data-gg-id=\"52\" data-title=\"990 ar\" data-grid-type=\"0\" data-offset=\"5.3\" data-area-position=\"left\" data-icons=\"\" data-preloader=\"true\" data-width=\"215\" data-height=\"215\" data-padding=\"0\" data-quicksand=\"disabled\" data-quicksand-duration=\"none\" data-popup-theme=\"theme_6\" data-popup-type=\"pretty-photo\" data-popup-image-text=\"data-description\" data-popup-widthsize=\"auto\" data-popup-heightsize=\"auto\" data-popup-i18n-words=\"{&quot;close&quot;:&quot;close&quot;,&quot;next&quot;:&quot;next&quot;,&quot;previous&quot;:&quot;previous&quot;,&quot;start_slideshow&quot;:&quot;start slideshow&quot;,&quot;stop_slideshow&quot;:&quot;stop slideshow&quot;,&quot;image&quot;:&quot;image&quot;,&quot;of&quot;:&quot;of&quot;,&quot;prev&quot;:&quot;prev&quot;,&quot;cExpand&quot;:&quot;Expand&quot;,&quot;cPrevious&quot;:&quot;Previous&quot;,&quot;cNext&quot;:&quot;Next&quot;,&quot;cExpandStr&quot;:&quot;Expand the image&quot;,&quot;cRotate&quot;:&quot;Rotate&quot;,&quot;cDetails&quot;:&quot;Details&quot;}\" data-popup-slideshow=\"false\" data-popup-slideshow-speed=\"2500\" data-popup-hoverstop=\"false\" data-popup-slideshow-auto=\"false\" data-popup-background=\"\" data-popup-transparency=\"30\" data-popup-disable-history=\"\" data-popup-disable-changed-url=\"\" data-popup-border-type=\"\" data-popup-border-color=\"\" data-popup-border-width=\"\" data-popup-border-enable=\"\" data-fullscreen=\"false\" data-hide-tooltip=\"false\" data-caption-font-family=\"Default\" data-caption-text-size=\"140\" data-is-mobile=\"0\" data-caption-mobile=\"false\" data-hide-long-tltp-title=\"0\" data-caption-disabled-on-mobile=\"false\" data-popup-placement-type=\"0\" data-social-sharing=\"{&quot;enabled&quot;:&quot;&quot;,&quot;gallerySharing&quot;:{&quot;enabled&quot;:null,&quot;position&quot;:null},&quot;imageSharing&quot;:{&quot;enabled&quot;:null,&quot;wrapperClass&quot;:&quot; vertical &quot;},&quot;popupSharing&quot;:{&quot;enabled&quot;:null,&quot;wrapperClass&quot;:&quot; vertical &quot;}}\" class=\"grid-gallery grid-gallery-fixed \" style=\" width:100%; height:auto; float: left;position:relative;\"> <div class=\"gallery-loading\"> <div class=\"blocks\"> <div class=\"block\"><\/div> <div class=\"block\"><\/div> <div class=\"block\"><\/div> <div class=\"block\"><\/div> <\/div> <\/div> <div class=\"gallery-sharing-top\" style=\"display:none;\"> <\/div> <div id=\"photos-52\" class=\"grid-gallery-photos\"><FIGURE class=\"grid-gallery-caption\" data-grid-gallery-type=\"quarter-slide-up\" data-index=\"0\" style=\"display:none;border-radius:00;; margin:5.3px; width:2150;\" ><div class=\"crop\" style=\" width:2150; height:2150; overflow:hidden;\"><img decoding=\"async\" src=\"http:\/\/www.plasticase.nl\/wp-content\/uploads\/2016\/12\/990ar-1-215x215.jpg\" class=\"ggImg\" alt=\"990ar-1\" title=\"990ar-1\" data-description=\"990ar-1\" data-caption=\"990ar-1\" data-title=\"990ar-1\" style=\" width:215px; height:215px;\" \/><\/div><FIGCAPTION class=\"\" data-alpha=\"5\" style=\"color:#ffffff; background-color:#6f0000; font-size:140; text-align:left; font-family:Default;\" ><div class=\"grid-gallery-figcaption-wrap\" style=\"\"><\/div><\/FIGCAPTION><\/FIGURE><FIGURE class=\"grid-gallery-caption\" data-grid-gallery-type=\"quarter-slide-up\" data-index=\"1\" style=\"display:none;border-radius:00;; margin:5.3px; width:2150;\" ><div class=\"crop\" style=\" width:2150; height:2150; overflow:hidden;\"><img decoding=\"async\" src=\"http:\/\/www.plasticase.nl\/wp-content\/uploads\/2016\/12\/990ar-2-215x215.jpg\" class=\"ggImg\" alt=\"990ar-2\" title=\"990ar-2\" data-description=\"990ar-2\" data-caption=\"990ar-2\" data-title=\"990ar-2\" style=\" width:215px; height:215px;\" \/><\/div><FIGCAPTION class=\"\" data-alpha=\"5\" style=\"color:#ffffff; background-color:#6f0000; font-size:140; text-align:left; font-family:Default;\" ><div class=\"grid-gallery-figcaption-wrap\" style=\"\"><\/div><\/FIGCAPTION><\/FIGURE><FIGURE class=\"grid-gallery-caption\" data-grid-gallery-type=\"quarter-slide-up\" data-index=\"2\" style=\"display:none;border-radius:00;; margin:5.3px; width:2150;\" ><div class=\"crop\" style=\" width:2150; height:2150; overflow:hidden;\"><img decoding=\"async\" src=\"http:\/\/www.plasticase.nl\/wp-content\/uploads\/2016\/12\/990ar-3-215x215.jpg\" class=\"ggImg\" alt=\"990ar-3\" title=\"990ar-3\" data-description=\"990ar-3\" data-caption=\"990ar-3\" data-title=\"990ar-3\" style=\" width:215px; height:215px;\" \/><\/div><FIGCAPTION class=\"\" data-alpha=\"5\" style=\"color:#ffffff; background-color:#6f0000; font-size:140; text-align:left; font-family:Default;\" ><div class=\"grid-gallery-figcaption-wrap\" style=\"\"><\/div><\/FIGCAPTION><\/FIGURE><FIGURE class=\"grid-gallery-caption\" data-grid-gallery-type=\"quarter-slide-up\" data-index=\"3\" style=\"display:none;border-radius:00;; margin:5.3px; width:2150;\" ><div class=\"crop\" style=\" width:2150; height:2150; overflow:hidden;\"><img decoding=\"async\" src=\"http:\/\/www.plasticase.nl\/wp-content\/uploads\/2016\/12\/990ar-4-215x215.jpg\" class=\"ggImg\" alt=\"990ar-4\" title=\"990ar-4\" data-description=\"990ar-4\" data-caption=\"990ar-4\" data-title=\"990ar-4\" style=\" width:215px; height:215px;\" \/><\/div><FIGCAPTION class=\"\" data-alpha=\"5\" style=\"color:#ffffff; background-color:#6f0000; font-size:140; text-align:left; font-family:Default;\" ><div class=\"grid-gallery-figcaption-wrap\" style=\"\"><\/div><\/FIGCAPTION><\/FIGURE><FIGURE class=\"grid-gallery-caption\" data-grid-gallery-type=\"quarter-slide-up\" data-index=\"4\" style=\"display:none;border-radius:00;; margin:5.3px; width:2150;\" ><div class=\"crop\" style=\" width:2150; height:2150; overflow:hidden;\"><img decoding=\"async\" src=\"http:\/\/www.plasticase.nl\/wp-content\/uploads\/2016\/12\/990ar-5-215x215.jpg\" class=\"ggImg\" alt=\"990ar-5\" title=\"990ar-5\" data-description=\"990ar-5\" data-caption=\"990ar-5\" data-title=\"990ar-5\" style=\" width:215px; height:215px;\" \/><\/div><FIGCAPTION class=\"\" data-alpha=\"5\" style=\"color:#ffffff; background-color:#6f0000; font-size:140; text-align:left; font-family:Default;\" ><div class=\"grid-gallery-figcaption-wrap\" style=\"\"><\/div><\/FIGCAPTION><\/FIGURE><FIGURE class=\"grid-gallery-caption\" data-grid-gallery-type=\"quarter-slide-up\" data-index=\"5\" style=\"display:none;border-radius:00;; margin:5.3px; width:2150;\" ><div class=\"crop\" style=\" width:2150; height:2150; overflow:hidden;\"><img decoding=\"async\" src=\"http:\/\/www.plasticase.nl\/wp-content\/uploads\/2016\/12\/990ar-6-215x215.jpg\" class=\"ggImg\" alt=\"990ar-6\" title=\"990ar-6\" data-description=\"990ar-6\" data-caption=\"990ar-6\" data-title=\"990ar-6\" style=\" width:215px; height:215px;\" \/><\/div><FIGCAPTION class=\"\" data-alpha=\"5\" style=\"color:#ffffff; background-color:#6f0000; font-size:140; text-align:left; font-family:Default;\" ><div class=\"grid-gallery-figcaption-wrap\" style=\"\"><\/div><\/FIGCAPTION><\/FIGURE> <div class=\"grid-gallery-clearfix\"><\/div> <\/div> <div class=\"gallery-sharing-bottom\" style=\"display:none;\"> <\/div> <div class=\"gallery-sharing-image\" style=\"display:none;\"> <\/div> <div class=\"gallery-sharing-popup\" style=\"display:none;\"> <\/div> <div class=\"grid-gallery-clearfix\"><\/div> <\/div> <!-- Gallery by Supsystic plugin1.16.0 --><a title=\"WordPress Gallery Plugin\" style=\"display:none;\" href=\"https:\/\/supsystic.com\/plugins\/photo-gallery\/?utm_medium=love_link\" target=\"_blank\">WordPress Gallery Plugin<\/a>\n<p><a href=\"http:\/\/www.plasticase.nl\/?page_id=198\">Terug naar\u00a0Nanukcases<\/a><\/p>\n","protected":false},"excerpt":{"rendered":"<p>Omschrijving De 990 AR koffer\u00a0is ontworpen d\u00f3\u00f3r liefhebbers v\u00f3\u00f3r liefhebbers met details die zelfs de meest veeleisende schutters zullen waarderen. Ontworpen voor een standaard 36 &#8220;AR 15, samen met ruimte&#8230; <a href=\"https:\/\/www.plasticase.nl\/?page_id=1581\">Lees verder &raquo;<\/a><\/p>\n","protected":false},"author":3870,"featured_media":0,"parent":0,"menu_order":0,"comment_status":"closed","ping_status":"closed","template":"page-templates\/full-width.php","meta":{"footnotes":""},"class_list":["post-1581","page","type-page","status-publish","hentry"],"_links":{"self":[{"href":"https:\/\/www.plasticase.nl\/index.php?rest_route=\/wp\/v2\/pages\/1581","targetHints":{"allow":["GET"]}}],"collection":[{"href":"https:\/\/www.plasticase.nl\/index.php?rest_route=\/wp\/v2\/pages"}],"about":[{"href":"https:\/\/www.plasticase.nl\/index.php?rest_route=\/wp\/v2\/types\/page"}],"author":[{"embeddable":true,"href":"https:\/\/www.plasticase.nl\/index.php?rest_route=\/wp\/v2\/users\/3870"}],"replies":[{"embeddable":true,"href":"https:\/\/www.plasticase.nl\/index.php?rest_route=%2Fwp%2Fv2%2Fcomments&post=1581"}],"version-history":[{"count":5,"href":"https:\/\/www.plasticase.nl\/index.php?rest_route=\/wp\/v2\/pages\/1581\/revisions"}],"predecessor-version":[{"id":1915,"href":"https:\/\/www.plasticase.nl\/index.php?rest_route=\/wp\/v2\/pages\/1581\/revisions\/1915"}],"wp:attachment":[{"href":"https:\/\/www.plasticase.nl\/index.php?rest_route=%2Fwp%2Fv2%2Fmedia&parent=1581"}],"curies":[{"name":"wp","href":"https:\/\/api.w.org\/{rel}","templated":true}]}}