{"id":5,"date":"2016-03-18T12:11:36","date_gmt":"2016-03-18T11:11:36","guid":{"rendered":"http:\/\/www.plasticase.nl\/?page_id=5"},"modified":"2017-01-02T16:04:44","modified_gmt":"2017-01-02T15:04:44","slug":"home","status":"publish","type":"page","link":"https:\/\/www.plasticase.nl\/","title":{"rendered":"Home"},"content":{"rendered":"<h3 style=\"text-align: left;\">Welkom bij Plasticase.nl<\/h3>\n<p style=\"text-align: left;\">Al meer dan 20 jaar voorziet Plasticase het verstrekken van draag- en transport oplossingen voor professionals, technici en sporters over de hele wereld. Als leider in ge\u00efnjecteerd gegoten en industri\u00eble koffers, fabriceert Plasticase koffers die onge\u00ebvenaard\u00a0in kwaliteit, prestaties en stijl zijn.<\/p>\n<p><img loading=\"lazy\" decoding=\"async\" class=\"size-full wp-image-99 aligncenter\" src=\"http:\/\/www.plasticase.nl\/wp-content\/uploads\/2016\/03\/animatie.gif\" alt=\"animatie\" width=\"564\" height=\"290\" \/><\/p>\n","protected":false},"excerpt":{"rendered":"<p>Welkom bij Plasticase.nl Al meer dan 20 jaar voorziet Plasticase het verstrekken van draag- en transport oplossingen voor professionals, technici en sporters over de hele wereld. Als leider in ge\u00efnjecteerd&#8230; <a href=\"https:\/\/www.plasticase.nl\/\">Lees verder &raquo;<\/a><\/p>\n","protected":false},"author":3870,"featured_media":0,"parent":0,"menu_order":0,"comment_status":"closed","ping_status":"closed","template":"page-templates\/full-width.php","meta":{"footnotes":""},"class_list":["post-5","page","type-page","status-publish","hentry"],"_links":{"self":[{"href":"https:\/\/www.plasticase.nl\/index.php?rest_route=\/wp\/v2\/pages\/5","targetHints":{"allow":["GET"]}}],"collection":[{"href":"https:\/\/www.plasticase.nl\/index.php?rest_route=\/wp\/v2\/pages"}],"about":[{"href":"https:\/\/www.plasticase.nl\/index.php?rest_route=\/wp\/v2\/types\/page"}],"author":[{"embeddable":true,"href":"https:\/\/www.plasticase.nl\/index.php?rest_route=\/wp\/v2\/users\/3870"}],"replies":[{"embeddable":true,"href":"https:\/\/www.plasticase.nl\/index.php?rest_route=%2Fwp%2Fv2%2Fcomments&post=5"}],"version-history":[{"count":14,"href":"https:\/\/www.plasticase.nl\/index.php?rest_route=\/wp\/v2\/pages\/5\/revisions"}],"predecessor-version":[{"id":1739,"href":"https:\/\/www.plasticase.nl\/index.php?rest_route=\/wp\/v2\/pages\/5\/revisions\/1739"}],"wp:attachment":[{"href":"https:\/\/www.plasticase.nl\/index.php?rest_route=%2Fwp%2Fv2%2Fmedia&parent=5"}],"curies":[{"name":"wp","href":"https:\/\/api.w.org\/{rel}","templated":true}]}}